{"id":93,"date":"2014-09-16T12:43:07","date_gmt":"2014-09-16T12:43:07","guid":{"rendered":"http:\/\/www.soab.nl\/nieuwesite\/?page_id=93"},"modified":"2014-09-16T13:20:11","modified_gmt":"2014-09-16T13:20:11","slug":"leveringsvoorwaarden","status":"publish","type":"page","link":"https:\/\/www.soab.nl\/nieuwesite\/leveringsvoorwaarden\/","title":{"rendered":"Leveringsvoorwaarden"},"content":{"rendered":"<p>[et_pb_section][et_pb_row][et_pb_column type=&#8221;4_4&#8243;][et_pb_text admin_label=&#8221;Text&#8221; background_layout=&#8221;light&#8221; text_orientation=&#8221;left&#8221;]<\/p>\n<p><strong>ALGEMENE LEVERINGSVOORWAARDEN BIJ VERRICHTEN VAN WERKZAAMHEDEN<\/strong><\/p>\n<p><strong>Algemeen<\/strong><br \/>\nDe algemene voorwaarden zijn van toepassing op alle aanbiedingen, werkzaamheden, offertes en overeenkomsten tussen SOAB en opdrachtgevers.<br \/>\nAlle aanbiedingen zijn vrijblijvend tot zij schriftelijk zijn aanvaard.<\/p>\n<p><strong>Grondslag offertes<\/strong><br \/>\nOffertes van SOAB zijn gebaseerd op de informatie die door de opdrachtgever is verstrekt. De opdrachtgever staat ervoor in, dat hij naar beste weten daarbij alle essenti\u00eble informatie voor de opzet en uitvoering van de werkzaamheden heeft verstrekt. SOAB zal de door haar verrichten werkzaamheden naar beste inzicht en vermogen, en overeenkomstig de eisen van goed vakmanschap uitvoeren.<br \/>\nDeze verplichting heeft het karakter van een \u201cinspanningsverplichting\u201d, omdat het bereiken van het beoogde resultaat niet kan worden gegarandeerd, tenzij SOAB en de opdrachtgever v\u00f3\u00f3r het begin van de uitvoering van de opdracht overeenstemming bereiken over het te behalen resultaat en tussen partijen vaststaat dat die niet voor twee\u00ebrlei uitleg vatbaar is.<\/p>\n<p><strong>Terbeschikkingstelling van informatie en werkruimte door de opdrachtgever<\/strong><br \/>\nOm de uitvoering van de opdracht goed en volgens tijdschema te laten verlopen, verstrekt de opdrachtgever tijdig, zoals weergegeven staat in de offerte of conform de planning van de werkzaamheden zoals die na opdrachtverlening is overeengekomen, alle documenten en gegevens die SOAB nodig heeft.<br \/>\nAls SOAB daarom verzoekt, en de noodzaak hiervan heeft weergegeven in de offerte, verschaft de opdrachtgever op de locatie kosteloos een eigen werkruimte met telefoonaansluiting.<\/p>\n<p><strong>Het betrekken van derden bij de opdrachtuitvoering<\/strong><br \/>\nHet betrekken of inschakelen van derden bij de opdrachtuitvoering door de opdrachtgever of door SOAB geschiedt uitsluitend in onderling overleg.<\/p>\n<p><strong>Tarieven en kosten van de opdracht<\/strong><br \/>\nMet betrekking tot de tarieven en de daarop gebaseerde kostenramingen staat in de offerte aangegeven of daarin zijn begrepen de wettelijke BTW, reis- en verblijfkosten, (indien van toepassing) het aantal exemplaren van het eindrapport en andere opdrachtgebonden kosten.<br \/>\nBetalingsvoorwaarden<br \/>\nDe kosten zoals vermeld in de onder artikel 5 bedoelde offerte, worden volgens een aangegeven schema in de offerte of\/en de opdrachtenbrief in rekening gebracht. Betaling dient te geschieden binnen 30 dagen na declaratiedatum.<br \/>\nNa die vervaldatum wordt de wettelijke rente in rekening gebracht zonder dat ingebrekestelling is vereist.<br \/>\nIs de wederpartij in verzuim of schiet hij op een andere wijze tekort in het nakomen van \u00e9\u00e9n of meer van zijn verplichtingen, komen alle redelijke kosten ter verkrijging van voldoening voor zijn rekening, zowel de gerechtelijke als de buitengerechtelijke.<br \/>\nAlle betalingen dienen zonder aftrek of schuldvergelijking te geschieden.<\/p>\n<p><strong>Wijziging van de opdracht c.q. meerwerk<\/strong><br \/>\nDe opdrachtgever aanvaardt dat tijdsplanning van de opdracht kan worden be\u00efnvloed, indien partijen tussentijds overeenkomen de aanpak, werkwijze of omvang van de opdracht en\/of de daaruit voortvloeiende werkzaamheden uit te breiden of te wijzigen. Indien de tussentijdse wijziging het overeengekomen honorarium of de kostenvergoeding be\u00efnvloedt, zal SOAB dit de opdrachtgever onverwijld melden.<br \/>\nIndien een tussentijdse wijziging in de opdracht ontstaan door toedoen van de opdrachtgever, zal SOAB de noodzakelijke aanpassingen aanbrengen. Indien zo\u2019n aanpassing leidt tot meerwerk, zal dit als een aanvullende opdracht aan de opdrachtgever worden bevestigd.<\/p>\n<p><strong>Afsluiting opdracht<\/strong><br \/>\nDe opdracht is afgesloten zodra de eindafrekening door de opdrachtgever is goedgekeurd. Binnen een termijn van 30 dagen na dagtekening daarvan dient de opdrachtgever SOAB hierover te berichten. Indien de opdrachtgever niet binnen deze termijn reageert, wordt de eindafrekening geacht te zijn goedgekeurd.<\/p>\n<p><strong>Tussentijdse be\u00ebindiging van de opdracht<\/strong><br \/>\nPartijen kunnen de overeenkomst slechts schriftelijk en gemotiveerd opzeggen met inachtneming van een opzegtermijn van 4 weken.<br \/>\nSOAB behoudt daarbij aanspraak op betaling van de declaraties tot de einddatum van de overeenkomst verrichte werkzaamheden, waarbij aan de opdrachtgever onder voorbehoud de voorlopige resultaten van het tot dan toe verrichte werk ter beschikking zullen worden gesteld. Ingeval \u00e9\u00e9n van beide partijen in staat van faillissement geraakt, surs\u00e9ance van betaling aanvraagt of de bedrijfsvoering staakt, heeft de andere partij het recht de opdracht zonder inachtneming van een opzegtermijn te be\u00ebindigen, een en ander onder voorbehoud van rechten.<br \/>\nAl het verschuldigde wordt terstond opeisbaar.<\/p>\n<p><strong>Eigendom adviezen, nota\u2019s en andere schriftelijke stukken en programma\u2019s<\/strong><br \/>\nOp adviezen, rapporten en programma\u2019s, die zijn gemaakt voor de uitvoering van de opdracht, berust het auteursrecht van SOAB. Openbaarmaking kan derhalve alleen geschieden na verkregen toestemming van SOAB.<br \/>\nDe opdrachtgever heeft uiteraard het recht stukken te vermenigvuldigen voor gebruik in zijn eigen organisatie, voorzover passend binnen het doel van de opdracht.<br \/>\nIngeval van tussentijdse be\u00ebindiging van de opdracht, is het voorgaande van overeenkomstige toepassing.<\/p>\n<p><strong>Vertrouwelijkheid<\/strong><br \/>\nSOAB is verplicht tot geheimhouding van alle informatie en gegevens van de opdrachtgever jegens derden. SOAB zal in het kader van de opdracht alle mogelijke voorzorgsmaatregelen nemen ter bescherming van de belangen van de opdrachtgever.<\/p>\n<p><strong>Aansprakelijkheid<\/strong><br \/>\nDe aansprakelijkheid voor de schade veroorzaakt door de tekortkomingen wordt beperkt tot het bedrag van het honorarium dat het bureau voor zijn werkzaamheden in die opdracht heeft ontvangen.<br \/>\nBij opdrachten die een langere doorlooptijd dan een half jaar hebben geldt een verdere beperking van de hier bedoelde aansprakelijkheid tot maximaal het declaratiebedrag over de laatste zes maanden.<br \/>\nEventuele aanspraken van de opdrachtgever in hier bedoelde zin dienen binnen \u00e9\u00e9n jaar na het ontdekken van de schade te zijn ingediend, bij gebreke waaraan de opdrachtgever zijn rechten heeft verwerkt.<\/p>\n<p><strong>Toepasselijk recht<\/strong><br \/>\nOp deze algemene leveringsvoorwaarden is uitsluitend het Nederlands recht van toepassing. Geschillen zullen worden gebracht voor de bevoegde rechten van de statutaire of feitelijke vestigingsplaats.<\/p>\n<p>[\/et_pb_text][\/et_pb_column][\/et_pb_row][\/et_pb_section]<\/p>\n","protected":false},"excerpt":{"rendered":"<p><div class=\"et_pb_section et_pb_section_0 et_section_regular\" >\n\t\t\t\t\n\t\t\t\t\n\t\t\t\t\n\t\t\t\t\n\t\t\t\t\t\n\t\t\t\t\n\t\t\t\t\n\t\t\t<\/div><div class=\"et_pb_row et_pb_row_0 et_pb_row_empty\">\n\t\t\t\t\n\t\t\t\t\n\t\t\t\t\n\t\t\t<\/div> ALGEMENE LEVERINGSVOORWAARDEN BIJ VERRICHTEN VAN WERKZAAMHEDEN Algemeen De algemene voorwaarden zijn van toepassing op alle aanbiedingen, werkzaamheden, offertes en overeenkomsten tussen SOAB en opdrachtgevers. Alle aanbiedingen zijn vrijblijvend tot zij schriftelijk zijn aanvaard. Grondslag offertes Offertes van SOAB zijn gebaseerd op de informatie die door de opdrachtgever is verstrekt. De opdrachtgever staat ervoor in, [&hellip;]<\/p>\n","protected":false},"author":1,"featured_media":0,"parent":0,"menu_order":0,"comment_status":"open","ping_status":"open","template":"","meta":{"_et_pb_use_builder":"on","_et_pb_old_content":"","_et_gb_content_width":"","footnotes":""},"class_list":["post-93","page","type-page","status-publish","hentry"],"yoast_head":"<!-- This site is optimized with the Yoast SEO plugin v26.6 - https:\/\/yoast.com\/wordpress\/plugins\/seo\/ -->\n<title>Leveringsvoorwaarden - SOAB<\/title>\n<meta name=\"robots\" content=\"index, follow, max-snippet:-1, max-image-preview:large, max-video-preview:-1\" \/>\n<link rel=\"canonical\" href=\"https:\/\/www.soab.nl\/nieuwesite\/leveringsvoorwaarden\/\" \/>\n<meta property=\"og:locale\" content=\"nl_NL\" \/>\n<meta property=\"og:type\" content=\"article\" \/>\n<meta property=\"og:title\" content=\"Leveringsvoorwaarden - SOAB\" \/>\n<meta property=\"og:description\" content=\"ALGEMENE LEVERINGSVOORWAARDEN BIJ VERRICHTEN VAN WERKZAAMHEDEN Algemeen De algemene voorwaarden zijn van toepassing op alle aanbiedingen, werkzaamheden, offertes en overeenkomsten tussen SOAB en opdrachtgevers. Alle aanbiedingen zijn vrijblijvend tot zij schriftelijk zijn aanvaard. Grondslag offertes Offertes van SOAB zijn gebaseerd op de informatie die door de opdrachtgever is verstrekt. De opdrachtgever staat ervoor in, [&hellip;]\" \/>\n<meta property=\"og:url\" content=\"https:\/\/www.soab.nl\/nieuwesite\/leveringsvoorwaarden\/\" \/>\n<meta property=\"og:site_name\" content=\"SOAB\" \/>\n<meta property=\"article:modified_time\" content=\"2014-09-16T13:20:11+00:00\" \/>\n<meta name=\"twitter:card\" content=\"summary_large_image\" \/>\n<meta name=\"twitter:label1\" content=\"Geschatte leestijd\" \/>\n\t<meta name=\"twitter:data1\" content=\"5 minuten\" \/>\n<script type=\"application\/ld+json\" class=\"yoast-schema-graph\">{\"@context\":\"https:\/\/schema.org\",\"@graph\":[{\"@type\":\"WebPage\",\"@id\":\"https:\/\/www.soab.nl\/nieuwesite\/leveringsvoorwaarden\/\",\"url\":\"https:\/\/www.soab.nl\/nieuwesite\/leveringsvoorwaarden\/\",\"name\":\"Leveringsvoorwaarden - SOAB\",\"isPartOf\":{\"@id\":\"https:\/\/www.soab.nl\/nieuwesite\/#website\"},\"datePublished\":\"2014-09-16T12:43:07+00:00\",\"dateModified\":\"2014-09-16T13:20:11+00:00\",\"breadcrumb\":{\"@id\":\"https:\/\/www.soab.nl\/nieuwesite\/leveringsvoorwaarden\/#breadcrumb\"},\"inLanguage\":\"nl-NL\",\"potentialAction\":[{\"@type\":\"ReadAction\",\"target\":[\"https:\/\/www.soab.nl\/nieuwesite\/leveringsvoorwaarden\/\"]}]},{\"@type\":\"BreadcrumbList\",\"@id\":\"https:\/\/www.soab.nl\/nieuwesite\/leveringsvoorwaarden\/#breadcrumb\",\"itemListElement\":[{\"@type\":\"ListItem\",\"position\":1,\"name\":\"Home\",\"item\":\"https:\/\/www.soab.nl\/nieuwesite\/\"},{\"@type\":\"ListItem\",\"position\":2,\"name\":\"Leveringsvoorwaarden\"}]},{\"@type\":\"WebSite\",\"@id\":\"https:\/\/www.soab.nl\/nieuwesite\/#website\",\"url\":\"https:\/\/www.soab.nl\/nieuwesite\/\",\"name\":\"SOAB\",\"description\":\"\",\"potentialAction\":[{\"@type\":\"SearchAction\",\"target\":{\"@type\":\"EntryPoint\",\"urlTemplate\":\"https:\/\/www.soab.nl\/nieuwesite\/?s={search_term_string}\"},\"query-input\":{\"@type\":\"PropertyValueSpecification\",\"valueRequired\":true,\"valueName\":\"search_term_string\"}}],\"inLanguage\":\"nl-NL\"}]}<\/script>\n<!-- \/ Yoast SEO plugin. -->","yoast_head_json":{"title":"Leveringsvoorwaarden - SOAB","robots":{"index":"index","follow":"follow","max-snippet":"max-snippet:-1","max-image-preview":"max-image-preview:large","max-video-preview":"max-video-preview:-1"},"canonical":"https:\/\/www.soab.nl\/nieuwesite\/leveringsvoorwaarden\/","og_locale":"nl_NL","og_type":"article","og_title":"Leveringsvoorwaarden - SOAB","og_description":"ALGEMENE LEVERINGSVOORWAARDEN BIJ VERRICHTEN VAN WERKZAAMHEDEN Algemeen De algemene voorwaarden zijn van toepassing op alle aanbiedingen, werkzaamheden, offertes en overeenkomsten tussen SOAB en opdrachtgevers. Alle aanbiedingen zijn vrijblijvend tot zij schriftelijk zijn aanvaard. Grondslag offertes Offertes van SOAB zijn gebaseerd op de informatie die door de opdrachtgever is verstrekt. De opdrachtgever staat ervoor in, [&hellip;]","og_url":"https:\/\/www.soab.nl\/nieuwesite\/leveringsvoorwaarden\/","og_site_name":"SOAB","article_modified_time":"2014-09-16T13:20:11+00:00","twitter_card":"summary_large_image","twitter_misc":{"Geschatte leestijd":"5 minuten"},"schema":{"@context":"https:\/\/schema.org","@graph":[{"@type":"WebPage","@id":"https:\/\/www.soab.nl\/nieuwesite\/leveringsvoorwaarden\/","url":"https:\/\/www.soab.nl\/nieuwesite\/leveringsvoorwaarden\/","name":"Leveringsvoorwaarden - SOAB","isPartOf":{"@id":"https:\/\/www.soab.nl\/nieuwesite\/#website"},"datePublished":"2014-09-16T12:43:07+00:00","dateModified":"2014-09-16T13:20:11+00:00","breadcrumb":{"@id":"https:\/\/www.soab.nl\/nieuwesite\/leveringsvoorwaarden\/#breadcrumb"},"inLanguage":"nl-NL","potentialAction":[{"@type":"ReadAction","target":["https:\/\/www.soab.nl\/nieuwesite\/leveringsvoorwaarden\/"]}]},{"@type":"BreadcrumbList","@id":"https:\/\/www.soab.nl\/nieuwesite\/leveringsvoorwaarden\/#breadcrumb","itemListElement":[{"@type":"ListItem","position":1,"name":"Home","item":"https:\/\/www.soab.nl\/nieuwesite\/"},{"@type":"ListItem","position":2,"name":"Leveringsvoorwaarden"}]},{"@type":"WebSite","@id":"https:\/\/www.soab.nl\/nieuwesite\/#website","url":"https:\/\/www.soab.nl\/nieuwesite\/","name":"SOAB","description":"","potentialAction":[{"@type":"SearchAction","target":{"@type":"EntryPoint","urlTemplate":"https:\/\/www.soab.nl\/nieuwesite\/?s={search_term_string}"},"query-input":{"@type":"PropertyValueSpecification","valueRequired":true,"valueName":"search_term_string"}}],"inLanguage":"nl-NL"}]}},"_links":{"self":[{"href":"https:\/\/www.soab.nl\/nieuwesite\/wp-json\/wp\/v2\/pages\/93","targetHints":{"allow":["GET"]}}],"collection":[{"href":"https:\/\/www.soab.nl\/nieuwesite\/wp-json\/wp\/v2\/pages"}],"about":[{"href":"https:\/\/www.soab.nl\/nieuwesite\/wp-json\/wp\/v2\/types\/page"}],"author":[{"embeddable":true,"href":"https:\/\/www.soab.nl\/nieuwesite\/wp-json\/wp\/v2\/users\/1"}],"replies":[{"embeddable":true,"href":"https:\/\/www.soab.nl\/nieuwesite\/wp-json\/wp\/v2\/comments?post=93"}],"version-history":[{"count":4,"href":"https:\/\/www.soab.nl\/nieuwesite\/wp-json\/wp\/v2\/pages\/93\/revisions"}],"predecessor-version":[{"id":113,"href":"https:\/\/www.soab.nl\/nieuwesite\/wp-json\/wp\/v2\/pages\/93\/revisions\/113"}],"wp:attachment":[{"href":"https:\/\/www.soab.nl\/nieuwesite\/wp-json\/wp\/v2\/media?parent=93"}],"curies":[{"name":"wp","href":"https:\/\/api.w.org\/{rel}","templated":true}]}}